{"id":2,"date":"2011-01-26T15:06:23","date_gmt":"2011-01-26T15:06:23","guid":{"rendered":"http:\/\/www.ascon-it.de\/wordpress\/?page_id=2"},"modified":"2024-02-01T23:48:17","modified_gmt":"2024-02-01T22:48:17","slug":"about","status":"publish","type":"page","link":"https:\/\/ascon-it.com\/?page_id=2&lang=de","title":{"rendered":"Firmenprofil"},"content":{"rendered":"<!--:de--><img loading=\"lazy\" decoding=\"async\" class=\"alignleft size-medium wp-image-272\" title=\"slide1\" src=\"https:\/\/ascon-it.com\/wordpress\/wp-content\/uploads\/2011\/04\/slide1-300x143.jpg\" alt=\"\" width=\"300\" height=\"143\" srcset=\"https:\/\/ascon-it.com\/wp-content\/uploads\/2011\/04\/slide1-300x143.jpg 300w, https:\/\/ascon-it.com\/wp-content\/uploads\/2011\/04\/slide1.jpg 940w, https:\/\/ascon-it.com\/wp-content\/uploads\/2011\/04\/slide1-620x297.jpg 620w, https:\/\/ascon-it.com\/wp-content\/uploads\/2011\/04\/slide1-400x192.jpg 400w\" sizes=\"auto, (max-width: 300px) 100vw, 300px\" \/>\r\n\r\nWillkommen bei ASCON IT \u2013 Ihr Partner f\u00fcr professionelle IT-L\u00f6sungen\r\n\r\nBei ASCON-IT spezialisieren wir uns auf hochwertige Fernwartungsdienste und individuell entwickelte Software, die exakt auf die Anforderungen von Einzelunternehmern sowie kleinen und mittelst\u00e4ndischen Unternehmen in Europa abgestimmt ist. Unsere Fachkenntnisse decken eine Vielfalt von Betriebssystemen ab, darunter Windows, Linux und Mac. Wir sind besonders erfahren in der Entwicklung benutzerfreundlicher Desktop-Software, wobei wir uns auf C# und VB.NET konzentrieren.\r\n\r\n&nbsp;\r\n<h2><\/h2>\r\n<h2>History<\/h2>\r\nUnser engagiertes Entwicklerteam widmet sich der Schaffung intuitiver und effizienter Softwarel\u00f6sungen, die Ihre Gesch\u00e4ftsprozesse optimieren. Wir erkennen, dass Standardl\u00f6sungen im kaufm\u00e4nnischen Bereich oft nicht ausreichen, da sie entweder zu komplex sind oder wichtige Funktionen vermissen lassen. Deshalb bieten wir Ihnen die Entwicklung von ma\u00dfgeschneiderten kaufm\u00e4nnischen Anwendungen an. Wir verwenden moderne Programmiersprachen wie Python, Javascript, PHP und ASP.NET f\u00fcr Webanwendungen sowie C# und VB.NET f\u00fcr Desktopanwendungen, um L\u00f6sungen zu entwickeln, die Ihre betrieblichen Abl\u00e4ufe effektiver und benutzerfreundlicher machen.\r\n<img loading=\"lazy\" decoding=\"async\" class=\"alignright size-medium wp-image-273\" title=\"slide2\" src=\"https:\/\/ascon-it.de\/wordpress\/wp-content\/uploads\/2011\/04\/slide2-300x143.jpg\" alt=\"\" width=\"300\" height=\"143\" srcset=\"https:\/\/ascon-it.com\/wp-content\/uploads\/2011\/04\/slide2-300x143.jpg 300w, https:\/\/ascon-it.com\/wp-content\/uploads\/2011\/04\/slide2.jpg 940w, https:\/\/ascon-it.com\/wp-content\/uploads\/2011\/04\/slide2-620x297.jpg 620w, https:\/\/ascon-it.com\/wp-content\/uploads\/2011\/04\/slide2-400x192.jpg 400w\" sizes=\"auto, (max-width: 300px) 100vw, 300px\" \/><!--:-->","protected":false},"excerpt":{"rendered":"<p>Willkommen bei ASCON IT \u2013 Ihr Partner f\u00fcr professionelle IT-L\u00f6sungen Bei ASCON-IT spezialisieren wir uns auf hochwertige Fernwartungsdienste und individuell entwickelte Software, die exakt auf die Anforderungen von Einzelunternehmern sowie kleinen und mittelst\u00e4ndischen Unternehmen in Europa abgestimmt ist. Unsere Fachkenntnisse decken eine Vielfalt von Betriebssystemen ab, darunter Windows, Linux und Mac. Wir sind besonders erfahren&nbsp;<a href=\"https:\/\/ascon-it.com\/?page_id=2&#038;lang=de\" class=\"read-more\">Continue Reading<\/a><\/p>\n","protected":false},"author":1,"featured_media":0,"parent":0,"menu_order":0,"comment_status":"open","ping_status":"closed","template":"page-about.php","meta":{"footnotes":""},"class_list":["post-2","page","type-page","status-publish","hentry"],"_links":{"self":[{"href":"https:\/\/ascon-it.com\/index.php?rest_route=\/wp\/v2\/pages\/2","targetHints":{"allow":["GET"]}}],"collection":[{"href":"https:\/\/ascon-it.com\/index.php?rest_route=\/wp\/v2\/pages"}],"about":[{"href":"https:\/\/ascon-it.com\/index.php?rest_route=\/wp\/v2\/types\/page"}],"author":[{"embeddable":true,"href":"https:\/\/ascon-it.com\/index.php?rest_route=\/wp\/v2\/users\/1"}],"replies":[{"embeddable":true,"href":"https:\/\/ascon-it.com\/index.php?rest_route=%2Fwp%2Fv2%2Fcomments&post=2"}],"version-history":[{"count":48,"href":"https:\/\/ascon-it.com\/index.php?rest_route=\/wp\/v2\/pages\/2\/revisions"}],"predecessor-version":[{"id":1160,"href":"https:\/\/ascon-it.com\/index.php?rest_route=\/wp\/v2\/pages\/2\/revisions\/1160"}],"wp:attachment":[{"href":"https:\/\/ascon-it.com\/index.php?rest_route=%2Fwp%2Fv2%2Fmedia&parent=2"}],"curies":[{"name":"wp","href":"https:\/\/api.w.org\/{rel}","templated":true}]}}