{"id":1044,"date":"2024-02-01T17:32:26","date_gmt":"2024-02-01T16:32:26","guid":{"rendered":"https:\/\/ascon-it.com\/?page_id=1044"},"modified":"2024-02-01T19:49:47","modified_gmt":"2024-02-01T18:49:47","slug":"service","status":"publish","type":"page","link":"https:\/\/ascon-it.com\/?page_id=1044&lang=de","title":{"rendered":"Service"},"content":{"rendered":"<strong>Individuelle Softwareentwicklung f\u00fcr Windows in C# und VB.NET<\/strong>\r\n<br><br>\r\nUnser Team von erfahrenen Entwicklern ist spezialisiert auf die Erstellung von benutzerdefinierter Desktop-Software, die genau auf Ihre gesch\u00e4ftlichen Anforderungen zugeschnitten ist. Wir arbeiten eng mit Ihnen zusammen, um L\u00f6sungen zu entwickeln, die Ihre Arbeitsabl\u00e4ufe optimieren und die Produktivit\u00e4t steigern.\r\n<br><br>\r\nUnser engagiertes Entwicklerteam widmet sich der Schaffung intuitiver und effizienter Softwarel\u00f6sungen, die Ihre Gesch\u00e4ftsprozesse optimieren. Wir erkennen, dass Standardl\u00f6sungen im kaufm\u00e4nnischen Bereich oft nicht ausreichen, da sie entweder zu komplex sind oder wichtige Funktionen vermissen lassen. Deshalb bieten wir Ihnen die Entwicklung von ma\u00dfgeschneiderten kaufm\u00e4nnischen Anwendungen an. Wir verwenden moderne Programmiersprachen wie Python, Javascript, PHP und ASP.NET f\u00fcr Webanwendungen sowie C# und VB.NET f\u00fcr Desktopanwendungen, um L\u00f6sungen zu entwickeln, die Ihre betrieblichen Abl\u00e4ufe effektiver und benutzerfreundlicher machen.","protected":false},"excerpt":{"rendered":"<p>Individuelle Softwareentwicklung f\u00fcr Windows in C# und VB.NET Unser Team von erfahrenen Entwicklern ist spezialisiert auf die Erstellung von benutzerdefinierter Desktop-Software, die genau auf Ihre gesch\u00e4ftlichen Anforderungen zugeschnitten ist. Wir arbeiten eng mit Ihnen zusammen, um L\u00f6sungen zu entwickeln, die Ihre Arbeitsabl\u00e4ufe optimieren und die Produktivit\u00e4t steigern. Unser engagiertes Entwicklerteam widmet sich der Schaffung intuitiver&nbsp;<a href=\"https:\/\/ascon-it.com\/?page_id=1044&#038;lang=de\" class=\"read-more\">Continue Reading<\/a><\/p>\n","protected":false},"author":1,"featured_media":0,"parent":0,"menu_order":1,"comment_status":"open","ping_status":"closed","template":"page-services.php","meta":{"footnotes":""},"class_list":["post-1044","page","type-page","status-publish","hentry"],"_links":{"self":[{"href":"https:\/\/ascon-it.com\/index.php?rest_route=\/wp\/v2\/pages\/1044","targetHints":{"allow":["GET"]}}],"collection":[{"href":"https:\/\/ascon-it.com\/index.php?rest_route=\/wp\/v2\/pages"}],"about":[{"href":"https:\/\/ascon-it.com\/index.php?rest_route=\/wp\/v2\/types\/page"}],"author":[{"embeddable":true,"href":"https:\/\/ascon-it.com\/index.php?rest_route=\/wp\/v2\/users\/1"}],"replies":[{"embeddable":true,"href":"https:\/\/ascon-it.com\/index.php?rest_route=%2Fwp%2Fv2%2Fcomments&post=1044"}],"version-history":[{"count":1,"href":"https:\/\/ascon-it.com\/index.php?rest_route=\/wp\/v2\/pages\/1044\/revisions"}],"predecessor-version":[{"id":1045,"href":"https:\/\/ascon-it.com\/index.php?rest_route=\/wp\/v2\/pages\/1044\/revisions\/1045"}],"wp:attachment":[{"href":"https:\/\/ascon-it.com\/index.php?rest_route=%2Fwp%2Fv2%2Fmedia&parent=1044"}],"curies":[{"name":"wp","href":"https:\/\/api.w.org\/{rel}","templated":true}]}}