{"id":1033,"date":"2024-02-01T17:26:41","date_gmt":"2024-02-01T16:26:41","guid":{"rendered":"https:\/\/ascon-it.com\/?page_id=1033"},"modified":"2024-02-01T17:26:41","modified_gmt":"2024-02-01T16:26:41","slug":"fernwartung","status":"publish","type":"page","link":"https:\/\/ascon-it.com\/?page_id=1033&lang=de","title":{"rendered":"Fernwartung"},"content":{"rendered":"Professionelle Fernwartung f\u00fcr Windows, Linux und Mac\r\nUnser Fernwartungsservice bietet schnelle und effiziente L\u00f6sungen f\u00fcr technische Probleme, die Ihren Betrieb beeintr\u00e4chtigen k\u00f6nnten. Unsere Experten sind rund um die Uhr verf\u00fcgbar, um sicherzustellen, dass Ihr Gesch\u00e4ft reibungslos und ohne Unterbrechungen l\u00e4uft. Wir nutzen sichere und zuverl\u00e4ssige Remote-Tools, wie z.b. RustDesk um Ihre Daten und Systeme zu sch\u00fctzen.\r\n\r\n ","protected":false},"excerpt":{"rendered":"<p>Professionelle Fernwartung f\u00fcr Windows, Linux und Mac Unser Fernwartungsservice bietet schnelle und effiziente L\u00f6sungen f\u00fcr technische Probleme, die Ihren Betrieb beeintr\u00e4chtigen k\u00f6nnten. Unsere Experten sind rund um die Uhr verf\u00fcgbar, um sicherzustellen, dass Ihr Gesch\u00e4ft reibungslos und ohne Unterbrechungen l\u00e4uft. Wir nutzen sichere und zuverl\u00e4ssige Remote-Tools, wie z.b. RustDesk um Ihre Daten und Systeme zu&nbsp;<a href=\"https:\/\/ascon-it.com\/?page_id=1033&#038;lang=de\" class=\"read-more\">Continue Reading<\/a><\/p>\n","protected":false},"author":1,"featured_media":0,"parent":0,"menu_order":1,"comment_status":"closed","ping_status":"closed","template":"","meta":{"footnotes":""},"class_list":["post-1033","page","type-page","status-publish","hentry"],"_links":{"self":[{"href":"https:\/\/ascon-it.com\/index.php?rest_route=\/wp\/v2\/pages\/1033","targetHints":{"allow":["GET"]}}],"collection":[{"href":"https:\/\/ascon-it.com\/index.php?rest_route=\/wp\/v2\/pages"}],"about":[{"href":"https:\/\/ascon-it.com\/index.php?rest_route=\/wp\/v2\/types\/page"}],"author":[{"embeddable":true,"href":"https:\/\/ascon-it.com\/index.php?rest_route=\/wp\/v2\/users\/1"}],"replies":[{"embeddable":true,"href":"https:\/\/ascon-it.com\/index.php?rest_route=%2Fwp%2Fv2%2Fcomments&post=1033"}],"version-history":[{"count":1,"href":"https:\/\/ascon-it.com\/index.php?rest_route=\/wp\/v2\/pages\/1033\/revisions"}],"predecessor-version":[{"id":1034,"href":"https:\/\/ascon-it.com\/index.php?rest_route=\/wp\/v2\/pages\/1033\/revisions\/1034"}],"wp:attachment":[{"href":"https:\/\/ascon-it.com\/index.php?rest_route=%2Fwp%2Fv2%2Fmedia&parent=1033"}],"curies":[{"name":"wp","href":"https:\/\/api.w.org\/{rel}","templated":true}]}}